{"id":1291,"date":"2024-01-25T13:41:40","date_gmt":"2024-01-25T12:41:40","guid":{"rendered":"https:\/\/vertebral.cat\/pagina-en-construccion\/"},"modified":"2024-01-25T13:41:40","modified_gmt":"2024-01-25T12:41:40","slug":"pagina-en-construccion","status":"publish","type":"page","link":"https:\/\/vertebral.cat\/es\/pagina-en-construccion\/","title":{"rendered":"P\u00e1gina en construcci\u00f3n"},"content":{"rendered":"<h1 style=\"text-align: center;\">P\u00e1gina en construcci\u00f3n<\/h1>\n<p><img loading=\"lazy\" decoding=\"async\" class=\"size-full wp-image-17 aligncenter\" src=\"http:\/\/vertebral.ergatesweb8.ovh\/wp-content\/uploads\/2016\/09\/ergates_informatica.png\" alt=\"\" width=\"200\" height=\"92\"><\/p>\n<p style=\"text-align: center;\">\u00a1MUY PRONTO ESTAREMOS OPERATIVOS!<\/p>\n","protected":false},"excerpt":{"rendered":"<p>P\u00e1gina en construcci\u00f3n \u00a1MUY PRONTO ESTAREMOS OPERATIVOS!<\/p>\n","protected":false},"author":3,"featured_media":0,"parent":0,"menu_order":0,"comment_status":"closed","ping_status":"closed","template":"template-blank.php","meta":{"footnotes":""},"class_list":["post-1291","page","type-page","status-publish","hentry"],"yoast_head":"<!-- This site is optimized with the Yoast SEO plugin v27.0 - https:\/\/yoast.com\/product\/yoast-seo-wordpress\/ -->\n<title>P\u00e1gina en construcci\u00f3n - Vertebral Fisioter\u00e0pia<\/title>\n<meta name=\"robots\" content=\"index, follow, max-snippet:-1, max-image-preview:large, max-video-preview:-1\" \/>\n<link rel=\"canonical\" href=\"https:\/\/vertebral.cat\/pagina-en-construccion\/\" \/>\n<meta property=\"og:locale\" content=\"es_ES\" \/>\n<meta property=\"og:type\" content=\"article\" \/>\n<meta property=\"og:title\" content=\"P\u00e1gina en construcci\u00f3n - Vertebral Fisioter\u00e0pia\" \/>\n<meta property=\"og:description\" content=\"P\u00e1gina en construcci\u00f3n \u00a1MUY PRONTO ESTAREMOS OPERATIVOS!\" \/>\n<meta property=\"og:url\" content=\"https:\/\/vertebral.cat\/pagina-en-construccion\/\" \/>\n<meta property=\"og:site_name\" content=\"Vertebral Fisioter\u00e0pia\" \/>\n<meta property=\"og:image\" content=\"http:\/\/vertebral.ergatesweb8.ovh\/wp-content\/uploads\/2016\/09\/ergates_informatica.png\" \/>\n<meta name=\"twitter:card\" content=\"summary_large_image\" \/>\n<script type=\"application\/ld+json\" class=\"yoast-schema-graph\">{\"@context\":\"https:\/\/schema.org\",\"@graph\":[{\"@type\":\"WebPage\",\"@id\":\"https:\/\/vertebral.cat\/pagina-en-construccion\/\",\"url\":\"https:\/\/vertebral.cat\/pagina-en-construccion\/\",\"name\":\"P\u00e1gina en construcci\u00f3n - Vertebral Fisioter\u00e0pia\",\"isPartOf\":{\"@id\":\"https:\/\/vertebral.cat\/#website\"},\"primaryImageOfPage\":{\"@id\":\"https:\/\/vertebral.cat\/pagina-en-construccion\/#primaryimage\"},\"image\":{\"@id\":\"https:\/\/vertebral.cat\/pagina-en-construccion\/#primaryimage\"},\"thumbnailUrl\":\"http:\/\/vertebral.ergatesweb8.ovh\/wp-content\/uploads\/2016\/09\/ergates_informatica.png\",\"datePublished\":\"2024-01-25T12:41:40+00:00\",\"breadcrumb\":{\"@id\":\"https:\/\/vertebral.cat\/pagina-en-construccion\/#breadcrumb\"},\"inLanguage\":\"es\",\"potentialAction\":[{\"@type\":\"ReadAction\",\"target\":[\"https:\/\/vertebral.cat\/pagina-en-construccion\/\"]}]},{\"@type\":\"ImageObject\",\"inLanguage\":\"es\",\"@id\":\"https:\/\/vertebral.cat\/pagina-en-construccion\/#primaryimage\",\"url\":\"http:\/\/vertebral.ergatesweb8.ovh\/wp-content\/uploads\/2016\/09\/ergates_informatica.png\",\"contentUrl\":\"http:\/\/vertebral.ergatesweb8.ovh\/wp-content\/uploads\/2016\/09\/ergates_informatica.png\"},{\"@type\":\"BreadcrumbList\",\"@id\":\"https:\/\/vertebral.cat\/pagina-en-construccion\/#breadcrumb\",\"itemListElement\":[{\"@type\":\"ListItem\",\"position\":1,\"name\":\"Inici\",\"item\":\"https:\/\/vertebral.cat\/es\/inicio\/\"},{\"@type\":\"ListItem\",\"position\":2,\"name\":\"P\u00e1gina en construcci\u00f3n\"}]},{\"@type\":\"WebSite\",\"@id\":\"https:\/\/vertebral.cat\/#website\",\"url\":\"https:\/\/vertebral.cat\/\",\"name\":\"Vertebral Fisioter\u00e0pia\",\"description\":\"Fisioter\u00e0pia i centre de salut a Berga\",\"potentialAction\":[{\"@type\":\"SearchAction\",\"target\":{\"@type\":\"EntryPoint\",\"urlTemplate\":\"https:\/\/vertebral.cat\/?s={search_term_string}\"},\"query-input\":{\"@type\":\"PropertyValueSpecification\",\"valueRequired\":true,\"valueName\":\"search_term_string\"}}],\"inLanguage\":\"es\"}]}<\/script>\n<!-- \/ Yoast SEO plugin. -->","yoast_head_json":{"title":"P\u00e1gina en construcci\u00f3n - Vertebral Fisioter\u00e0pia","robots":{"index":"index","follow":"follow","max-snippet":"max-snippet:-1","max-image-preview":"max-image-preview:large","max-video-preview":"max-video-preview:-1"},"canonical":"https:\/\/vertebral.cat\/pagina-en-construccion\/","og_locale":"es_ES","og_type":"article","og_title":"P\u00e1gina en construcci\u00f3n - Vertebral Fisioter\u00e0pia","og_description":"P\u00e1gina en construcci\u00f3n \u00a1MUY PRONTO ESTAREMOS OPERATIVOS!","og_url":"https:\/\/vertebral.cat\/pagina-en-construccion\/","og_site_name":"Vertebral Fisioter\u00e0pia","og_image":[{"url":"http:\/\/vertebral.ergatesweb8.ovh\/wp-content\/uploads\/2016\/09\/ergates_informatica.png","type":"","width":"","height":""}],"twitter_card":"summary_large_image","schema":{"@context":"https:\/\/schema.org","@graph":[{"@type":"WebPage","@id":"https:\/\/vertebral.cat\/pagina-en-construccion\/","url":"https:\/\/vertebral.cat\/pagina-en-construccion\/","name":"P\u00e1gina en construcci\u00f3n - Vertebral Fisioter\u00e0pia","isPartOf":{"@id":"https:\/\/vertebral.cat\/#website"},"primaryImageOfPage":{"@id":"https:\/\/vertebral.cat\/pagina-en-construccion\/#primaryimage"},"image":{"@id":"https:\/\/vertebral.cat\/pagina-en-construccion\/#primaryimage"},"thumbnailUrl":"http:\/\/vertebral.ergatesweb8.ovh\/wp-content\/uploads\/2016\/09\/ergates_informatica.png","datePublished":"2024-01-25T12:41:40+00:00","breadcrumb":{"@id":"https:\/\/vertebral.cat\/pagina-en-construccion\/#breadcrumb"},"inLanguage":"es","potentialAction":[{"@type":"ReadAction","target":["https:\/\/vertebral.cat\/pagina-en-construccion\/"]}]},{"@type":"ImageObject","inLanguage":"es","@id":"https:\/\/vertebral.cat\/pagina-en-construccion\/#primaryimage","url":"http:\/\/vertebral.ergatesweb8.ovh\/wp-content\/uploads\/2016\/09\/ergates_informatica.png","contentUrl":"http:\/\/vertebral.ergatesweb8.ovh\/wp-content\/uploads\/2016\/09\/ergates_informatica.png"},{"@type":"BreadcrumbList","@id":"https:\/\/vertebral.cat\/pagina-en-construccion\/#breadcrumb","itemListElement":[{"@type":"ListItem","position":1,"name":"Inici","item":"https:\/\/vertebral.cat\/es\/inicio\/"},{"@type":"ListItem","position":2,"name":"P\u00e1gina en construcci\u00f3n"}]},{"@type":"WebSite","@id":"https:\/\/vertebral.cat\/#website","url":"https:\/\/vertebral.cat\/","name":"Vertebral Fisioter\u00e0pia","description":"Fisioter\u00e0pia i centre de salut a Berga","potentialAction":[{"@type":"SearchAction","target":{"@type":"EntryPoint","urlTemplate":"https:\/\/vertebral.cat\/?s={search_term_string}"},"query-input":{"@type":"PropertyValueSpecification","valueRequired":true,"valueName":"search_term_string"}}],"inLanguage":"es"}]}},"_links":{"self":[{"href":"https:\/\/vertebral.cat\/es\/wp-json\/wp\/v2\/pages\/1291","targetHints":{"allow":["GET"]}}],"collection":[{"href":"https:\/\/vertebral.cat\/es\/wp-json\/wp\/v2\/pages"}],"about":[{"href":"https:\/\/vertebral.cat\/es\/wp-json\/wp\/v2\/types\/page"}],"author":[{"embeddable":true,"href":"https:\/\/vertebral.cat\/es\/wp-json\/wp\/v2\/users\/3"}],"replies":[{"embeddable":true,"href":"https:\/\/vertebral.cat\/es\/wp-json\/wp\/v2\/comments?post=1291"}],"version-history":[{"count":0,"href":"https:\/\/vertebral.cat\/es\/wp-json\/wp\/v2\/pages\/1291\/revisions"}],"wp:attachment":[{"href":"https:\/\/vertebral.cat\/es\/wp-json\/wp\/v2\/media?parent=1291"}],"curies":[{"name":"wp","href":"https:\/\/api.w.org\/{rel}","templated":true}]}}