{"id":1294,"date":"2024-01-25T13:44:54","date_gmt":"2024-01-25T12:44:54","guid":{"rendered":"https:\/\/vertebral.cat\/quienes-somos\/elisabet-comaposada-tor\/"},"modified":"2024-11-20T13:04:48","modified_gmt":"2024-11-20T12:04:48","slug":"elisabet-comaposada-tor","status":"publish","type":"page","link":"https:\/\/vertebral.cat\/es\/quienes-somos\/elisabet-comaposada-tor\/","title":{"rendered":"Elisabet Comaposada Tor"},"content":{"rendered":"<div  class='flex_column av-ox00u-d28abf8be353eb7e05841ddde354e210 av_one_full  avia-builder-el-0  el_before_av_two_fifth  avia-builder-el-first  first flex_column_div  '     ><\/div>\n<div  class='flex_column av-cwh1a-a9e217064f3379e3bca427c9c8d2eead av_two_fifth  avia-builder-el-2  el_after_av_one_full  el_before_av_three_fifth  first flex_column_div  column-top-margin'     ><style type=\"text\/css\" data-created_by=\"avia_inline_auto\" id=\"style-css-av-locqil3z-a43c8924030840b5d72300e676b285dc\">\n.avia-image-container.av-locqil3z-a43c8924030840b5d72300e676b285dc img.avia_image{\nbox-shadow:none;\n}\n.avia-image-container.av-locqil3z-a43c8924030840b5d72300e676b285dc .av-image-caption-overlay-center{\ncolor:#ffffff;\n}\n<\/style>\n<div  class='avia-image-container av-locqil3z-a43c8924030840b5d72300e676b285dc av-styling- avia-align-center  avia-builder-el-3  avia-builder-el-no-sibling '   itemprop=\"image\" itemscope=\"itemscope\" itemtype=\"https:\/\/schema.org\/ImageObject\" ><div class=\"avia-image-container-inner\"><div class=\"avia-image-overlay-wrap\"><img decoding=\"async\" fetchpriority=\"high\" class='wp-image-1254 avia-img-lazy-loading-not-1254 avia_image ' src=\"https:\/\/vertebral.cat\/wp-content\/uploads\/2024\/01\/Vertebral-Centre-de-Salut-42-688x1030.jpg\" alt='Centre Vertebral Fisioter\u00e0pia Berga' title='Centre Vertebral Fisioter\u00e0pia Berga'  height=\"1030\" width=\"688\"  itemprop=\"thumbnailUrl\" srcset=\"https:\/\/vertebral.cat\/wp-content\/uploads\/2024\/01\/Vertebral-Centre-de-Salut-42-688x1030.jpg 688w, https:\/\/vertebral.cat\/wp-content\/uploads\/2024\/01\/Vertebral-Centre-de-Salut-42-200x300.jpg 200w, https:\/\/vertebral.cat\/wp-content\/uploads\/2024\/01\/Vertebral-Centre-de-Salut-42-768x1150.jpg 768w, https:\/\/vertebral.cat\/wp-content\/uploads\/2024\/01\/Vertebral-Centre-de-Salut-42-1025x1536.jpg 1025w, https:\/\/vertebral.cat\/wp-content\/uploads\/2024\/01\/Vertebral-Centre-de-Salut-42-1367x2048.jpg 1367w, https:\/\/vertebral.cat\/wp-content\/uploads\/2024\/01\/Vertebral-Centre-de-Salut-42-1001x1500.jpg 1001w, https:\/\/vertebral.cat\/wp-content\/uploads\/2024\/01\/Vertebral-Centre-de-Salut-42-471x705.jpg 471w, https:\/\/vertebral.cat\/wp-content\/uploads\/2024\/01\/Vertebral-Centre-de-Salut-42-scaled.jpg 1709w\" sizes=\"(max-width: 688px) 100vw, 688px\" \/><\/div><\/div><\/div><\/div>\n<div  class='flex_column av-a0kam-f0dddfd6372ada0776bae6c2258251b5 av_three_fifth  avia-builder-el-4  el_after_av_two_fifth  avia-builder-el-last  flex_column_div  column-top-margin'     ><p>\n<style type=\"text\/css\" data-created_by=\"avia_inline_auto\" id=\"style-css-av-locqi11h-5994c985c308d5a891900795c00d63de\">\n#top .av-special-heading.av-locqi11h-5994c985c308d5a891900795c00d63de{\nmargin:0px 0px 0px 0px;\npadding-bottom:0px;\n}\nbody .av-special-heading.av-locqi11h-5994c985c308d5a891900795c00d63de .av-special-heading-tag .heading-char{\nfont-size:25px;\n}\n#top #wrap_all .av-special-heading.av-locqi11h-5994c985c308d5a891900795c00d63de .av-special-heading-tag{\npadding:0px 0px 0px 0px;\n}\n.av-special-heading.av-locqi11h-5994c985c308d5a891900795c00d63de .av-subheading{\nfont-size:15px;\n}\n<\/style>\n<div  class='av-special-heading av-locqi11h-5994c985c308d5a891900795c00d63de av-special-heading-h1 blockquote modern-quote  avia-builder-el-5  el_before_av_hr  avia-builder-el-first '><h1 class='av-special-heading-tag '  itemprop=\"headline\"  >Elisabet Comaposada Tor<\/h1><div class=\"special-heading-border\"><div class=\"special-heading-inner-border\"><\/div><\/div><\/div><br \/>\n\n<style type=\"text\/css\" data-created_by=\"avia_inline_auto\" id=\"style-css-av-locqjp9v-1f3cc2513098cdbb4dfc043656ef6449\">\n#top .hr.av-locqjp9v-1f3cc2513098cdbb4dfc043656ef6449{\nmargin-top:0px;\nmargin-bottom:15px;\n}\n.hr.av-locqjp9v-1f3cc2513098cdbb4dfc043656ef6449 .hr-inner{\nwidth:50px;\nborder-color:#ab798c;\n}\n<\/style>\n<div  class='hr av-locqjp9v-1f3cc2513098cdbb4dfc043656ef6449 hr-custom  avia-builder-el-6  el_after_av_heading  el_before_av_textblock  hr-left hr-icon-no'><span class='hr-inner inner-border-av-border-fat'><span class=\"hr-inner-style\"><\/span><\/span><\/div><br \/>\n<section  class='av_textblock_section av-locqhinp-b46a6baf8958f98d772ede24e176a849 '   itemscope=\"itemscope\" itemtype=\"https:\/\/schema.org\/CreativeWork\" ><div class='avia_textblock'  itemprop=\"text\" ><p><strong>Fisioterapeuta (Col. num. 7959)<\/strong><\/p>\n<p>Cuando era una ni\u00f1a, fui a fisioterapia por una afectaci\u00f3n de la columna. All\u00ed descubr\u00ed lo que era mi pasi\u00f3n; El cuerpo humano y la Fisioterapia. Tuve muy claro, que cuando fuera mayor quer\u00eda ser fisioterapeuta, \u00a1y lo consegu\u00ed! Me diplom\u00e9 en Fisioterapia en la Universidad de Vic en 2008.<\/p>\n<p>La vida me llev\u00f3 a trabajar a un centro con personas con diversidad funcional, donde conoc\u00ed la capacidad cuando parece que no est\u00e1 y me especialic\u00e9 en fisioterapia en afectaciones del sistema nervioso.(Posgrado\u00a0en Fisioterapia\u00a0Neurol\u00f3gica\u00a0en\u00a0Universidad\u00a0Ramon Llull\u00a0Blanquerna\u00a02011). Y aqu\u00ed descubr\u00ed que el sistema nervioso \u00a1es maravilloso! Poder reeducar movimiento y funci\u00f3n, y mantener las capacidades frente a afectaciones con degeneraci\u00f3n es una de las aplicaciones de mi profesi\u00f3n que m\u00e1s me gustan.<\/p>\n<p>Me considero una persona sencilla, que disfruta con las peque\u00f1as cosas de la vida y con sus gentes. Siempre dispuesta a dar y ayudar con lo que pueda, y por tanto acompa\u00f1ar y apoyar a mis pacientes me sale de forma natural. Un poco terca y de l\u00e1grima f\u00e1cil.<\/p>\n<p>Me encanta escuchar historias, y cuando llegan a mi sala gente de edad avanzada disfruto aplicando todos los conocimientos sobre envejecimiento y fisioterapia que tengo mientras gano con sabidur\u00eda y ellos funcionalidad y disminuyendo su dolor.<\/p>\n<p>Me gusta el agua y la fisioterapia acu\u00e1tica forma parte de mi formaci\u00f3n\u00a0(Terapia Acu\u00e1tica y\u00a0Halliwick). \u00a1El agua y sus beneficios, son una gran herramienta terap\u00e9utica, me encanta esta forma de aplicar tratamiento! El cuerpo est\u00e1 pensado y programado para moverse, y el ejercicio terap\u00e9utico es la base de una buena rehabilitaci\u00f3n funcional, tanto en sala como en el agua.<\/p>\n<p>Entiendo a la persona como un todo, y dentro de su globalidad busco la forma de mejorar su afectaci\u00f3n.<\/p>\n<\/div><\/section><\/p><\/div>\n","protected":false},"excerpt":{"rendered":"","protected":false},"author":3,"featured_media":0,"parent":1292,"menu_order":0,"comment_status":"closed","ping_status":"closed","template":"","meta":{"footnotes":""},"class_list":["post-1294","page","type-page","status-publish","hentry"],"yoast_head":"<!-- This site is optimized with the Yoast SEO plugin v27.0 - https:\/\/yoast.com\/product\/yoast-seo-wordpress\/ -->\n<title>Conoce a Elisabet Comaposada Tor | Vertebral<\/title>\n<meta name=\"description\" content=\"Aprende m\u00e1s sobre Elisabet Comaposada Tor, experta de Vertebral en tratamientos personalizados para mejorar tu calidad de vida.\" \/>\n<meta name=\"robots\" content=\"index, follow, max-snippet:-1, max-image-preview:large, max-video-preview:-1\" \/>\n<link rel=\"canonical\" href=\"https:\/\/vertebral.cat\/es\/quienes-somos\/elisabet-comaposada-tor\/\" \/>\n<meta property=\"og:locale\" content=\"es_ES\" \/>\n<meta property=\"og:type\" content=\"article\" \/>\n<meta property=\"og:title\" content=\"Conoce a Elisabet Comaposada Tor | Vertebral\" \/>\n<meta property=\"og:description\" content=\"Aprende m\u00e1s sobre Elisabet Comaposada Tor, experta de Vertebral en tratamientos personalizados para mejorar tu calidad de vida.\" \/>\n<meta property=\"og:url\" content=\"https:\/\/vertebral.cat\/es\/quienes-somos\/elisabet-comaposada-tor\/\" \/>\n<meta property=\"og:site_name\" content=\"Vertebral Fisioter\u00e0pia\" \/>\n<meta property=\"article:modified_time\" content=\"2024-11-20T12:04:48+00:00\" \/>\n<meta name=\"twitter:card\" content=\"summary_large_image\" \/>\n<script type=\"application\/ld+json\" class=\"yoast-schema-graph\">{\"@context\":\"https:\/\/schema.org\",\"@graph\":[{\"@type\":\"WebPage\",\"@id\":\"https:\/\/vertebral.cat\/es\/quienes-somos\/elisabet-comaposada-tor\/\",\"url\":\"https:\/\/vertebral.cat\/es\/quienes-somos\/elisabet-comaposada-tor\/\",\"name\":\"Conoce a Elisabet Comaposada Tor | Vertebral\",\"isPartOf\":{\"@id\":\"https:\/\/vertebral.cat\/#website\"},\"datePublished\":\"2024-01-25T12:44:54+00:00\",\"dateModified\":\"2024-11-20T12:04:48+00:00\",\"description\":\"Aprende m\u00e1s sobre Elisabet Comaposada Tor, experta de Vertebral en tratamientos personalizados para mejorar tu calidad de vida.\",\"breadcrumb\":{\"@id\":\"https:\/\/vertebral.cat\/es\/quienes-somos\/elisabet-comaposada-tor\/#breadcrumb\"},\"inLanguage\":\"es\",\"potentialAction\":[{\"@type\":\"ReadAction\",\"target\":[\"https:\/\/vertebral.cat\/es\/quienes-somos\/elisabet-comaposada-tor\/\"]}]},{\"@type\":\"BreadcrumbList\",\"@id\":\"https:\/\/vertebral.cat\/es\/quienes-somos\/elisabet-comaposada-tor\/#breadcrumb\",\"itemListElement\":[{\"@type\":\"ListItem\",\"position\":1,\"name\":\"Inici\",\"item\":\"https:\/\/vertebral.cat\/es\/inicio\/\"},{\"@type\":\"ListItem\",\"position\":2,\"name\":\"Qui\u00e9nes somos\",\"item\":\"https:\/\/vertebral.cat\/es\/quienes-somos\/\"},{\"@type\":\"ListItem\",\"position\":3,\"name\":\"Elisabet Comaposada Tor\"}]},{\"@type\":\"WebSite\",\"@id\":\"https:\/\/vertebral.cat\/#website\",\"url\":\"https:\/\/vertebral.cat\/\",\"name\":\"Vertebral Fisioter\u00e0pia\",\"description\":\"Fisioter\u00e0pia i centre de salut a Berga\",\"potentialAction\":[{\"@type\":\"SearchAction\",\"target\":{\"@type\":\"EntryPoint\",\"urlTemplate\":\"https:\/\/vertebral.cat\/?s={search_term_string}\"},\"query-input\":{\"@type\":\"PropertyValueSpecification\",\"valueRequired\":true,\"valueName\":\"search_term_string\"}}],\"inLanguage\":\"es\"}]}<\/script>\n<!-- \/ Yoast SEO plugin. -->","yoast_head_json":{"title":"Conoce a Elisabet Comaposada Tor | Vertebral","description":"Aprende m\u00e1s sobre Elisabet Comaposada Tor, experta de Vertebral en tratamientos personalizados para mejorar tu calidad de vida.","robots":{"index":"index","follow":"follow","max-snippet":"max-snippet:-1","max-image-preview":"max-image-preview:large","max-video-preview":"max-video-preview:-1"},"canonical":"https:\/\/vertebral.cat\/es\/quienes-somos\/elisabet-comaposada-tor\/","og_locale":"es_ES","og_type":"article","og_title":"Conoce a Elisabet Comaposada Tor | Vertebral","og_description":"Aprende m\u00e1s sobre Elisabet Comaposada Tor, experta de Vertebral en tratamientos personalizados para mejorar tu calidad de vida.","og_url":"https:\/\/vertebral.cat\/es\/quienes-somos\/elisabet-comaposada-tor\/","og_site_name":"Vertebral Fisioter\u00e0pia","article_modified_time":"2024-11-20T12:04:48+00:00","twitter_card":"summary_large_image","schema":{"@context":"https:\/\/schema.org","@graph":[{"@type":"WebPage","@id":"https:\/\/vertebral.cat\/es\/quienes-somos\/elisabet-comaposada-tor\/","url":"https:\/\/vertebral.cat\/es\/quienes-somos\/elisabet-comaposada-tor\/","name":"Conoce a Elisabet Comaposada Tor | Vertebral","isPartOf":{"@id":"https:\/\/vertebral.cat\/#website"},"datePublished":"2024-01-25T12:44:54+00:00","dateModified":"2024-11-20T12:04:48+00:00","description":"Aprende m\u00e1s sobre Elisabet Comaposada Tor, experta de Vertebral en tratamientos personalizados para mejorar tu calidad de vida.","breadcrumb":{"@id":"https:\/\/vertebral.cat\/es\/quienes-somos\/elisabet-comaposada-tor\/#breadcrumb"},"inLanguage":"es","potentialAction":[{"@type":"ReadAction","target":["https:\/\/vertebral.cat\/es\/quienes-somos\/elisabet-comaposada-tor\/"]}]},{"@type":"BreadcrumbList","@id":"https:\/\/vertebral.cat\/es\/quienes-somos\/elisabet-comaposada-tor\/#breadcrumb","itemListElement":[{"@type":"ListItem","position":1,"name":"Inici","item":"https:\/\/vertebral.cat\/es\/inicio\/"},{"@type":"ListItem","position":2,"name":"Qui\u00e9nes somos","item":"https:\/\/vertebral.cat\/es\/quienes-somos\/"},{"@type":"ListItem","position":3,"name":"Elisabet Comaposada Tor"}]},{"@type":"WebSite","@id":"https:\/\/vertebral.cat\/#website","url":"https:\/\/vertebral.cat\/","name":"Vertebral Fisioter\u00e0pia","description":"Fisioter\u00e0pia i centre de salut a Berga","potentialAction":[{"@type":"SearchAction","target":{"@type":"EntryPoint","urlTemplate":"https:\/\/vertebral.cat\/?s={search_term_string}"},"query-input":{"@type":"PropertyValueSpecification","valueRequired":true,"valueName":"search_term_string"}}],"inLanguage":"es"}]}},"_links":{"self":[{"href":"https:\/\/vertebral.cat\/es\/wp-json\/wp\/v2\/pages\/1294","targetHints":{"allow":["GET"]}}],"collection":[{"href":"https:\/\/vertebral.cat\/es\/wp-json\/wp\/v2\/pages"}],"about":[{"href":"https:\/\/vertebral.cat\/es\/wp-json\/wp\/v2\/types\/page"}],"author":[{"embeddable":true,"href":"https:\/\/vertebral.cat\/es\/wp-json\/wp\/v2\/users\/3"}],"replies":[{"embeddable":true,"href":"https:\/\/vertebral.cat\/es\/wp-json\/wp\/v2\/comments?post=1294"}],"version-history":[{"count":5,"href":"https:\/\/vertebral.cat\/es\/wp-json\/wp\/v2\/pages\/1294\/revisions"}],"predecessor-version":[{"id":1960,"href":"https:\/\/vertebral.cat\/es\/wp-json\/wp\/v2\/pages\/1294\/revisions\/1960"}],"up":[{"embeddable":true,"href":"https:\/\/vertebral.cat\/es\/wp-json\/wp\/v2\/pages\/1292"}],"wp:attachment":[{"href":"https:\/\/vertebral.cat\/es\/wp-json\/wp\/v2\/media?parent=1294"}],"curies":[{"name":"wp","href":"https:\/\/api.w.org\/{rel}","templated":true}]}}