{"id":1295,"date":"2024-01-25T13:45:52","date_gmt":"2024-01-25T12:45:52","guid":{"rendered":"https:\/\/vertebral.cat\/quienes-somos\/gemma-arque-galera\/"},"modified":"2024-11-20T12:53:45","modified_gmt":"2024-11-20T11:53:45","slug":"gemma-arque-galera","status":"publish","type":"page","link":"https:\/\/vertebral.cat\/es\/quienes-somos\/gemma-arque-galera\/","title":{"rendered":"Gemma Arqu\u00e9 Galera"},"content":{"rendered":"<div  class='flex_column av-ox00u-d28abf8be353eb7e05841ddde354e210 av_one_full  avia-builder-el-0  el_before_av_two_fifth  avia-builder-el-first  first flex_column_div  '     ><\/div>\n<div  class='flex_column av-cwh1a-a9e217064f3379e3bca427c9c8d2eead av_two_fifth  avia-builder-el-2  el_after_av_one_full  el_before_av_three_fifth  first flex_column_div  column-top-margin'     ><style type=\"text\/css\" data-created_by=\"avia_inline_auto\" id=\"style-css-av-locqil3z-cc783af4af102b5e7f2c4342aa47c9b3\">\n.avia-image-container.av-locqil3z-cc783af4af102b5e7f2c4342aa47c9b3 img.avia_image{\nbox-shadow:none;\n}\n.avia-image-container.av-locqil3z-cc783af4af102b5e7f2c4342aa47c9b3 .av-image-caption-overlay-center{\ncolor:#ffffff;\n}\n<\/style>\n<div  class='avia-image-container av-locqil3z-cc783af4af102b5e7f2c4342aa47c9b3 av-styling- avia-align-center  avia-builder-el-3  avia-builder-el-no-sibling '   itemprop=\"image\" itemscope=\"itemscope\" itemtype=\"https:\/\/schema.org\/ImageObject\" ><div class=\"avia-image-container-inner\"><div class=\"avia-image-overlay-wrap\"><img decoding=\"async\" fetchpriority=\"high\" class='wp-image-1259 avia-img-lazy-loading-not-1259 avia_image ' src=\"https:\/\/vertebral.cat\/wp-content\/uploads\/2024\/01\/Vertebral-Centre-de-Salut-47-688x1030.jpg\" alt='Centre Vertebral Fisioter\u00e0pia Berga' title='Centre Vertebral Fisioter\u00e0pia Berga'  height=\"1030\" width=\"688\"  itemprop=\"thumbnailUrl\" srcset=\"https:\/\/vertebral.cat\/wp-content\/uploads\/2024\/01\/Vertebral-Centre-de-Salut-47-688x1030.jpg 688w, https:\/\/vertebral.cat\/wp-content\/uploads\/2024\/01\/Vertebral-Centre-de-Salut-47-200x300.jpg 200w, https:\/\/vertebral.cat\/wp-content\/uploads\/2024\/01\/Vertebral-Centre-de-Salut-47-768x1150.jpg 768w, https:\/\/vertebral.cat\/wp-content\/uploads\/2024\/01\/Vertebral-Centre-de-Salut-47-1025x1536.jpg 1025w, https:\/\/vertebral.cat\/wp-content\/uploads\/2024\/01\/Vertebral-Centre-de-Salut-47-1367x2048.jpg 1367w, https:\/\/vertebral.cat\/wp-content\/uploads\/2024\/01\/Vertebral-Centre-de-Salut-47-1001x1500.jpg 1001w, https:\/\/vertebral.cat\/wp-content\/uploads\/2024\/01\/Vertebral-Centre-de-Salut-47-471x705.jpg 471w, https:\/\/vertebral.cat\/wp-content\/uploads\/2024\/01\/Vertebral-Centre-de-Salut-47-scaled.jpg 1709w\" sizes=\"(max-width: 688px) 100vw, 688px\" \/><\/div><\/div><\/div><\/div>\n<div  class='flex_column av-a0kam-f0dddfd6372ada0776bae6c2258251b5 av_three_fifth  avia-builder-el-4  el_after_av_two_fifth  avia-builder-el-last  flex_column_div  column-top-margin'     ><p>\n<style type=\"text\/css\" data-created_by=\"avia_inline_auto\" id=\"style-css-av-locqi11h-494203cb8777d99c3719cded9a2a04d7\">\n#top .av-special-heading.av-locqi11h-494203cb8777d99c3719cded9a2a04d7{\nmargin:0px 0px 0px 0px;\npadding-bottom:0px;\n}\nbody .av-special-heading.av-locqi11h-494203cb8777d99c3719cded9a2a04d7 .av-special-heading-tag .heading-char{\nfont-size:25px;\n}\n#top #wrap_all .av-special-heading.av-locqi11h-494203cb8777d99c3719cded9a2a04d7 .av-special-heading-tag{\npadding:0px 0px 0px 0px;\n}\n.av-special-heading.av-locqi11h-494203cb8777d99c3719cded9a2a04d7 .av-subheading{\nfont-size:15px;\n}\n<\/style>\n<div  class='av-special-heading av-locqi11h-494203cb8777d99c3719cded9a2a04d7 av-special-heading-h1 blockquote modern-quote  avia-builder-el-5  el_before_av_hr  avia-builder-el-first '><h1 class='av-special-heading-tag '  itemprop=\"headline\"  >Gemma Arqu\u00e9 Galera<\/h1><div class=\"special-heading-border\"><div class=\"special-heading-inner-border\"><\/div><\/div><\/div><br \/>\n\n<style type=\"text\/css\" data-created_by=\"avia_inline_auto\" id=\"style-css-av-locqjp9v-1f3cc2513098cdbb4dfc043656ef6449\">\n#top .hr.av-locqjp9v-1f3cc2513098cdbb4dfc043656ef6449{\nmargin-top:0px;\nmargin-bottom:15px;\n}\n.hr.av-locqjp9v-1f3cc2513098cdbb4dfc043656ef6449 .hr-inner{\nwidth:50px;\nborder-color:#ab798c;\n}\n<\/style>\n<div  class='hr av-locqjp9v-1f3cc2513098cdbb4dfc043656ef6449 hr-custom  avia-builder-el-6  el_after_av_heading  el_before_av_textblock  hr-left hr-icon-no'><span class='hr-inner inner-border-av-border-fat'><span class=\"hr-inner-style\"><\/span><\/span><\/div><br \/>\n<section  class='av_textblock_section av-locqhinp-b46a6baf8958f98d772ede24e176a849 '   itemscope=\"itemscope\" itemtype=\"https:\/\/schema.org\/CreativeWork\" ><div class='avia_textblock'  itemprop=\"text\" ><p><strong>Fisioterapetua (Col. num. 10109)<\/strong><\/p>\n<p>Soy fisioterapeuta desde 2011 (FUB Manresa). Llevo m\u00e1s de 10 a\u00f1os trabajando de lo que m\u00e1s me gusta. Me considero que soy una persona con empuje, iniciativa y con ganas de poder ayudar a quien tengo delante. Decid\u00ed querer ser fisio cuando en el 2002 me lesion\u00e9 rompi\u00e9ndome los ligamentos cruzados de la rodilla derecha. Despu\u00e9s de vivir horas y horas en el centro de recuperaci\u00f3n donde iba y conocer a la persona que me ayud\u00f3 en toda la rehabilitaci\u00f3n pens\u00e9 que yo quer\u00eda ser como ella: <strong>fisioterapeuta<\/strong>.<\/p>\n<p>Lo que m\u00e1s me gusta de la fisioterapia es poder ayudar a las personas en el proceso de recuperaci\u00f3n de cualquier deficiencia o lesi\u00f3n. Poder tratar al paciente con mis manos y ofrecerle la posibilidad de poder ayudarle a rehabilitar lo que no est\u00e1 bien&#8230; es lo que me apasiona.<\/p>\n<p>El hecho de trabajar e irme encontrando con diferentes casos, me ha llevado a formarme en los monogr\u00e1ficos de radiculopat\u00eda cervical (Fisiofocus), monogr\u00e1fico del abordaje instrumental de la rodilla del corredor &#8211; s\u00edndrome de la cintilla iliotibial (Fisiofocus) , monogr\u00e1fico del dolor plantar (Fisiofocus), vendajes neuromusculares , t\u00e9cnicas manipulativas de rodilla (Fisiofocus)<\/p>\n<p>En mi tiempo libre intento compartir todos los ratos que puedo con quien quiero, me encanta coger la maleta, vivir la vida y ver mundo, me gusta tenerlo todo controlado porque me aporta mayor seguridad.<\/p>\n<\/div><\/section><\/p><\/div>\n","protected":false},"excerpt":{"rendered":"","protected":false},"author":3,"featured_media":0,"parent":1292,"menu_order":0,"comment_status":"closed","ping_status":"closed","template":"","meta":{"footnotes":""},"class_list":["post-1295","page","type-page","status-publish","hentry"],"yoast_head":"<!-- This site is optimized with the Yoast SEO plugin v27.0 - https:\/\/yoast.com\/product\/yoast-seo-wordpress\/ -->\n<title>Conoce a Gemma Arqu\u00e9 Galera | Vertebral Fisioter\u00e0pia Berga<\/title>\n<meta name=\"description\" content=\"Descubre a Gemma Arqu\u00e9 Galera, profesional de Vertebral dedicada a ofrecer soluciones de salud integrales y personalizadas.\" \/>\n<meta name=\"robots\" content=\"index, follow, max-snippet:-1, max-image-preview:large, max-video-preview:-1\" \/>\n<link rel=\"canonical\" href=\"https:\/\/vertebral.cat\/es\/quienes-somos\/gemma-arque-galera\/\" \/>\n<meta property=\"og:locale\" content=\"es_ES\" \/>\n<meta property=\"og:type\" content=\"article\" \/>\n<meta property=\"og:title\" content=\"Conoce a Gemma Arqu\u00e9 Galera | Vertebral Fisioter\u00e0pia Berga\" \/>\n<meta property=\"og:description\" content=\"Descubre a Gemma Arqu\u00e9 Galera, profesional de Vertebral dedicada a ofrecer soluciones de salud integrales y personalizadas.\" \/>\n<meta property=\"og:url\" content=\"https:\/\/vertebral.cat\/es\/quienes-somos\/gemma-arque-galera\/\" \/>\n<meta property=\"og:site_name\" content=\"Vertebral Fisioter\u00e0pia\" \/>\n<meta property=\"article:modified_time\" content=\"2024-11-20T11:53:45+00:00\" \/>\n<meta name=\"twitter:card\" content=\"summary_large_image\" \/>\n<meta name=\"twitter:label1\" content=\"Tiempo de lectura\" \/>\n\t<meta name=\"twitter:data1\" content=\"2 minutos\" \/>\n<script type=\"application\/ld+json\" class=\"yoast-schema-graph\">{\"@context\":\"https:\/\/schema.org\",\"@graph\":[{\"@type\":\"WebPage\",\"@id\":\"https:\/\/vertebral.cat\/es\/quienes-somos\/gemma-arque-galera\/\",\"url\":\"https:\/\/vertebral.cat\/es\/quienes-somos\/gemma-arque-galera\/\",\"name\":\"Conoce a Gemma Arqu\u00e9 Galera | Vertebral Fisioter\u00e0pia Berga\",\"isPartOf\":{\"@id\":\"https:\/\/vertebral.cat\/#website\"},\"datePublished\":\"2024-01-25T12:45:52+00:00\",\"dateModified\":\"2024-11-20T11:53:45+00:00\",\"description\":\"Descubre a Gemma Arqu\u00e9 Galera, profesional de Vertebral dedicada a ofrecer soluciones de salud integrales y personalizadas.\",\"breadcrumb\":{\"@id\":\"https:\/\/vertebral.cat\/es\/quienes-somos\/gemma-arque-galera\/#breadcrumb\"},\"inLanguage\":\"es\",\"potentialAction\":[{\"@type\":\"ReadAction\",\"target\":[\"https:\/\/vertebral.cat\/es\/quienes-somos\/gemma-arque-galera\/\"]}]},{\"@type\":\"BreadcrumbList\",\"@id\":\"https:\/\/vertebral.cat\/es\/quienes-somos\/gemma-arque-galera\/#breadcrumb\",\"itemListElement\":[{\"@type\":\"ListItem\",\"position\":1,\"name\":\"Inici\",\"item\":\"https:\/\/vertebral.cat\/es\/inicio\/\"},{\"@type\":\"ListItem\",\"position\":2,\"name\":\"Qui\u00e9nes somos\",\"item\":\"https:\/\/vertebral.cat\/es\/quienes-somos\/\"},{\"@type\":\"ListItem\",\"position\":3,\"name\":\"Gemma Arqu\u00e9 Galera\"}]},{\"@type\":\"WebSite\",\"@id\":\"https:\/\/vertebral.cat\/#website\",\"url\":\"https:\/\/vertebral.cat\/\",\"name\":\"Vertebral Fisioter\u00e0pia\",\"description\":\"Fisioter\u00e0pia i centre de salut a Berga\",\"potentialAction\":[{\"@type\":\"SearchAction\",\"target\":{\"@type\":\"EntryPoint\",\"urlTemplate\":\"https:\/\/vertebral.cat\/?s={search_term_string}\"},\"query-input\":{\"@type\":\"PropertyValueSpecification\",\"valueRequired\":true,\"valueName\":\"search_term_string\"}}],\"inLanguage\":\"es\"}]}<\/script>\n<!-- \/ Yoast SEO plugin. -->","yoast_head_json":{"title":"Conoce a Gemma Arqu\u00e9 Galera | Vertebral Fisioter\u00e0pia Berga","description":"Descubre a Gemma Arqu\u00e9 Galera, profesional de Vertebral dedicada a ofrecer soluciones de salud integrales y personalizadas.","robots":{"index":"index","follow":"follow","max-snippet":"max-snippet:-1","max-image-preview":"max-image-preview:large","max-video-preview":"max-video-preview:-1"},"canonical":"https:\/\/vertebral.cat\/es\/quienes-somos\/gemma-arque-galera\/","og_locale":"es_ES","og_type":"article","og_title":"Conoce a Gemma Arqu\u00e9 Galera | Vertebral Fisioter\u00e0pia Berga","og_description":"Descubre a Gemma Arqu\u00e9 Galera, profesional de Vertebral dedicada a ofrecer soluciones de salud integrales y personalizadas.","og_url":"https:\/\/vertebral.cat\/es\/quienes-somos\/gemma-arque-galera\/","og_site_name":"Vertebral Fisioter\u00e0pia","article_modified_time":"2024-11-20T11:53:45+00:00","twitter_card":"summary_large_image","twitter_misc":{"Tiempo de lectura":"2 minutos"},"schema":{"@context":"https:\/\/schema.org","@graph":[{"@type":"WebPage","@id":"https:\/\/vertebral.cat\/es\/quienes-somos\/gemma-arque-galera\/","url":"https:\/\/vertebral.cat\/es\/quienes-somos\/gemma-arque-galera\/","name":"Conoce a Gemma Arqu\u00e9 Galera | Vertebral Fisioter\u00e0pia Berga","isPartOf":{"@id":"https:\/\/vertebral.cat\/#website"},"datePublished":"2024-01-25T12:45:52+00:00","dateModified":"2024-11-20T11:53:45+00:00","description":"Descubre a Gemma Arqu\u00e9 Galera, profesional de Vertebral dedicada a ofrecer soluciones de salud integrales y personalizadas.","breadcrumb":{"@id":"https:\/\/vertebral.cat\/es\/quienes-somos\/gemma-arque-galera\/#breadcrumb"},"inLanguage":"es","potentialAction":[{"@type":"ReadAction","target":["https:\/\/vertebral.cat\/es\/quienes-somos\/gemma-arque-galera\/"]}]},{"@type":"BreadcrumbList","@id":"https:\/\/vertebral.cat\/es\/quienes-somos\/gemma-arque-galera\/#breadcrumb","itemListElement":[{"@type":"ListItem","position":1,"name":"Inici","item":"https:\/\/vertebral.cat\/es\/inicio\/"},{"@type":"ListItem","position":2,"name":"Qui\u00e9nes somos","item":"https:\/\/vertebral.cat\/es\/quienes-somos\/"},{"@type":"ListItem","position":3,"name":"Gemma Arqu\u00e9 Galera"}]},{"@type":"WebSite","@id":"https:\/\/vertebral.cat\/#website","url":"https:\/\/vertebral.cat\/","name":"Vertebral Fisioter\u00e0pia","description":"Fisioter\u00e0pia i centre de salut a Berga","potentialAction":[{"@type":"SearchAction","target":{"@type":"EntryPoint","urlTemplate":"https:\/\/vertebral.cat\/?s={search_term_string}"},"query-input":{"@type":"PropertyValueSpecification","valueRequired":true,"valueName":"search_term_string"}}],"inLanguage":"es"}]}},"_links":{"self":[{"href":"https:\/\/vertebral.cat\/es\/wp-json\/wp\/v2\/pages\/1295","targetHints":{"allow":["GET"]}}],"collection":[{"href":"https:\/\/vertebral.cat\/es\/wp-json\/wp\/v2\/pages"}],"about":[{"href":"https:\/\/vertebral.cat\/es\/wp-json\/wp\/v2\/types\/page"}],"author":[{"embeddable":true,"href":"https:\/\/vertebral.cat\/es\/wp-json\/wp\/v2\/users\/3"}],"replies":[{"embeddable":true,"href":"https:\/\/vertebral.cat\/es\/wp-json\/wp\/v2\/comments?post=1295"}],"version-history":[{"count":4,"href":"https:\/\/vertebral.cat\/es\/wp-json\/wp\/v2\/pages\/1295\/revisions"}],"predecessor-version":[{"id":1944,"href":"https:\/\/vertebral.cat\/es\/wp-json\/wp\/v2\/pages\/1295\/revisions\/1944"}],"up":[{"embeddable":true,"href":"https:\/\/vertebral.cat\/es\/wp-json\/wp\/v2\/pages\/1292"}],"wp:attachment":[{"href":"https:\/\/vertebral.cat\/es\/wp-json\/wp\/v2\/media?parent=1295"}],"curies":[{"name":"wp","href":"https:\/\/api.w.org\/{rel}","templated":true}]}}