{"id":1296,"date":"2024-01-25T13:46:40","date_gmt":"2024-01-25T12:46:40","guid":{"rendered":"https:\/\/vertebral.cat\/ventosas\/"},"modified":"2024-11-19T13:45:22","modified_gmt":"2024-11-19T12:45:22","slug":"ventosas","status":"publish","type":"page","link":"https:\/\/vertebral.cat\/es\/tratamientos\/ventosas\/","title":{"rendered":"Ventosas"},"content":{"rendered":"<div  class='flex_column av-155ap2-e4f3b291e864f7898d5c269d7a9dbb7d av_one_full  avia-builder-el-0  avia-builder-el-no-sibling  first flex_column_div  '     ><\/div>\n<div  class='flex_column av-av_one_fifth-c68a83b15b0e343459e287303c8793d5 av_one_fifth first flex_column_div  '     ><\/div>\n<div  class='flex_column av-av_three_fifth-02025747ca2bebbd7502c71ac681b8f2 av_three_fifth flex_column_div  '     ><p>\n<style type=\"text\/css\" data-created_by=\"avia_inline_auto\" id=\"style-css-av-m3og5jau-a253e994d2a86d88c581b754cdedad2c\">\n#top .av-special-heading.av-m3og5jau-a253e994d2a86d88c581b754cdedad2c{\npadding-bottom:0;\n}\nbody .av-special-heading.av-m3og5jau-a253e994d2a86d88c581b754cdedad2c .av-special-heading-tag .heading-char{\nfont-size:25px;\n}\n.av-special-heading.av-m3og5jau-a253e994d2a86d88c581b754cdedad2c .av-subheading{\nfont-size:15px;\n}\n<\/style>\n<div  class='av-special-heading av-m3og5jau-a253e994d2a86d88c581b754cdedad2c av-special-heading-h1 blockquote modern-quote modern-centered'><h1 class='av-special-heading-tag '  itemprop=\"headline\"  >Ventosas terap\u00e9uticas<\/h1><div class=\"special-heading-border\"><div class=\"special-heading-inner-border\"><\/div><\/div><\/div><br \/>\n\n<style type=\"text\/css\" data-created_by=\"avia_inline_auto\" id=\"style-css-av-av_hr-2ee5c6ee407d26c4c54abf3d5fa0a94b\">\n#top .hr.av-av_hr-2ee5c6ee407d26c4c54abf3d5fa0a94b{\nmargin-top:0px;\nmargin-bottom:5px;\n}\n.hr.av-av_hr-2ee5c6ee407d26c4c54abf3d5fa0a94b .hr-inner{\nwidth:50px;\nborder-color:#ab798c;\n}\n<\/style>\n<div  class='hr av-av_hr-2ee5c6ee407d26c4c54abf3d5fa0a94b hr-custom hr-center hr-icon-no'><span class='hr-inner inner-border-av-border-fat'><span class=\"hr-inner-style\"><\/span><\/span><\/div><br \/>\n<section  class='av_textblock_section av-m3og5akx-3bd44cc460d34618f793957c6196e29d '   itemscope=\"itemscope\" itemtype=\"https:\/\/schema.org\/CreativeWork\" ><div class='avia_textblock'  itemprop=\"text\" ><p style=\"text-align: center;\">T\u00e9cnica de fisioterapia que utiliza ventosas para mejorar la circulaci\u00f3n sangu\u00ednea, reducir tensiones musculares y eliminar toxinas.<\/p>\n<\/div><\/section><\/p><\/div><div  class='flex_column av-av_one_fifth-02025747ca2bebbd7502c71ac681b8f2 av_one_fifth flex_column_div  '     ><\/div><\/p>\n<\/div><\/div><\/div><!-- close content main div --><\/div><\/div><div id='av_section_1'  class='avia-section av-eujd2-9c6bba6b2356b2bd1928139797801ed3 main_color avia-section-default avia-no-border-styling avia-bg-style-scroll container_wrap fullsize'  ><div class='container av-section-cont-open' ><div class='template-page content  av-content-full alpha units'><div class='post-entry post-entry-type-page post-entry-1296'><div class='entry-content-wrapper clearfix'>\n\n<style type=\"text\/css\" data-created_by=\"avia_inline_auto\" id=\"style-css-av-loqxw93x-8af6ac02465993abce47d21bc0078fcb\">\n.flex_column.av-loqxw93x-8af6ac02465993abce47d21bc0078fcb{\nwidth:48.5%;\n}\n<\/style>\n<div  class='flex_column av-loqxw93x-8af6ac02465993abce47d21bc0078fcb av_one_half first flex_column_div  '     ><style type=\"text\/css\" data-created_by=\"avia_inline_auto\" id=\"style-css-av-loqxva7z-ef59af3816c7b5b85f43da746ecb0a47\">\n.avia-image-container.av-loqxva7z-ef59af3816c7b5b85f43da746ecb0a47 img.avia_image{\nbox-shadow:none;\n}\n.avia-image-container.av-loqxva7z-ef59af3816c7b5b85f43da746ecb0a47 .av-image-caption-overlay-center{\ncolor:#ffffff;\n}\n<\/style>\n<div  class='avia-image-container av-loqxva7z-ef59af3816c7b5b85f43da746ecb0a47 av-styling- avia-align-center'   itemprop=\"image\" itemscope=\"itemscope\" itemtype=\"https:\/\/schema.org\/ImageObject\" ><div class=\"avia-image-container-inner\"><div class=\"avia-image-overlay-wrap\"><img decoding=\"async\" fetchpriority=\"high\" class='wp-image-1217 avia-img-lazy-loading-not-1217 avia_image ' src=\"https:\/\/vertebral.cat\/wp-content\/uploads\/2024\/01\/Vertebral-Centre-de-Salut-05-700x700.jpg\" alt='centre de fisioter\u00e0pia vertebral Berga' title='centre de fisioter\u00e0pia vertebral Berga'  height=\"700\" width=\"700\"  itemprop=\"thumbnailUrl\" srcset=\"https:\/\/vertebral.cat\/wp-content\/uploads\/2024\/01\/Vertebral-Centre-de-Salut-05-700x700.jpg 700w, https:\/\/vertebral.cat\/wp-content\/uploads\/2024\/01\/Vertebral-Centre-de-Salut-05-80x80.jpg 80w, https:\/\/vertebral.cat\/wp-content\/uploads\/2024\/01\/Vertebral-Centre-de-Salut-05-36x36.jpg 36w\" sizes=\"(max-width: 700px) 100vw, 700px\" \/><\/div><\/div><\/div><\/div>\n<style type=\"text\/css\" data-created_by=\"avia_inline_auto\" id=\"style-css-av-loqyqa45-9c1074cd064556769c2e982c9273ab18\">\n.flex_column.av-loqyqa45-9c1074cd064556769c2e982c9273ab18{\nwidth:48.5%;\nmargin-left:3%;\npadding:25px 25px 25px 25px;\n}\n<\/style>\n<div  class='flex_column av-loqyqa45-9c1074cd064556769c2e982c9273ab18 av_one_half flex_column_div  '     ><p>\n<style type=\"text\/css\" data-created_by=\"avia_inline_auto\" id=\"style-css-av-loqy5cyb-272bb227de0381528476b2a2a85a2a58\">\n#top .av-special-heading.av-loqy5cyb-272bb227de0381528476b2a2a85a2a58{\npadding-bottom:0;\n}\nbody .av-special-heading.av-loqy5cyb-272bb227de0381528476b2a2a85a2a58 .av-special-heading-tag .heading-char{\nfont-size:25px;\n}\n.av-special-heading.av-loqy5cyb-272bb227de0381528476b2a2a85a2a58 .av-subheading{\nfont-size:15px;\n}\n<\/style>\n<div  class='av-special-heading av-loqy5cyb-272bb227de0381528476b2a2a85a2a58 av-special-heading-h2 blockquote modern-quote'><h2 class='av-special-heading-tag '  itemprop=\"headline\"  >\u00bfQu\u00e9 es la t\u00e9cnica con ventosas?<\/h2><div class=\"special-heading-border\"><div class=\"special-heading-inner-border\"><\/div><\/div><\/div><br \/>\n\n<style type=\"text\/css\" data-created_by=\"avia_inline_auto\" id=\"style-css-av-av_hr-b4c9e3a35248d20a5b9345e851c87bd4\">\n#top .hr.av-av_hr-b4c9e3a35248d20a5b9345e851c87bd4{\nmargin-top:0px;\nmargin-bottom:5px;\n}\n.hr.av-av_hr-b4c9e3a35248d20a5b9345e851c87bd4 .hr-inner{\nwidth:50px;\nborder-color:#ab798c;\n}\n<\/style>\n<div  class='hr av-av_hr-b4c9e3a35248d20a5b9345e851c87bd4 hr-custom hr-left hr-icon-no'><span class='hr-inner inner-border-av-border-fat'><span class=\"hr-inner-style\"><\/span><\/span><\/div><br \/>\n<section  class='av_textblock_section av-loqyj9bk-2c3ce80848739d1fa67ba322fbec1bb9 '   itemscope=\"itemscope\" itemtype=\"https:\/\/schema.org\/CreativeWork\" ><div class='avia_textblock'  itemprop=\"text\" ><p><span style=\"font-weight: 400;\">La t\u00e9cnica con ventosas se trata de aplicar ventosas encima de la piel para crear una succi\u00f3n local. Esta succi\u00f3n ayuda a aumentar el flujo sangu\u00edneo, relajar los m\u00fasculos, mejorar la circulaci\u00f3n, aliviar el dolor, reducir la inflamaci\u00f3n , &#8230; Las ventosas pueden ser est\u00e1ticas o se pueden mover sobre la piel.<\/span><\/p>\n<\/div><\/section><\/p><\/div>\n\n<!-- wp:shortcode -->\n[av_section min_height='' min_height_pc='25' min_height_px='500px' shadow='no-border-styling' bottom_border='no-border-styling' bottom_border_diagonal_color='#333333' bottom_border_diagonal_direction='' bottom_border_style='' padding='default' custom_margin='0px' custom_margin_sync='true' av-desktop-custom_margin='' av-desktop-custom_margin_sync='true' av-medium-custom_margin='' av-medium-custom_margin_sync='true' av-small-custom_margin='' av-small-custom_margin_sync='true' av-mini-custom_margin='' av-mini-custom_margin_sync='true' svg_div_top='' svg_div_top_color='#333333' svg_div_top_width='100' svg_div_top_height='50' svg_div_top_max_height='none' svg_div_top_opacity='' svg_div_bottom='' svg_div_bottom_color='#333333' svg_div_bottom_width='100' svg_div_bottom_height='50' svg_div_bottom_max_height='none' svg_div_bottom_opacity='' fold_type='' fold_height='' fold_more='Llegir m\u00e9s' fold_less='Read less' fold_text_style='' fold_btn_align='' color='main_color' background='bg_color' custom_bg='#f0f0f0' background_gradient_direction='vertical' background_gradient_color1='#000000' background_gradient_color2='#ffffff' background_gradient_color3='' src='' attachment='' attachment_size='' attach='scroll' position='top left' repeat='no-repeat' video='' video_ratio='16:9' overlay_opacity='0.5' overlay_color='' overlay_pattern='' overlay_custom_pattern='' custom_arrow_bg='' fold_overlay_color='' fold_text_color='' fold_btn_color='theme-color' fold_btn_bg_color='' fold_btn_font_color='' size-btn-text='' av-desktop-font-size-btn-text='' av-medium-font-size-btn-text='' av-small-font-size-btn-text='' av-mini-font-size-btn-text='' fold_timer='' z_index_fold='' css_position_z_index='' av-desktop-css_position_z_index='' av-medium-css_position_z_index='' av-small-css_position_z_index='' av-mini-css_position_z_index='' id='' custom_class='' template_class='' aria_label='' av_element_hidden_in_editor='0' av_uid='av-lrowxp4c' sc_version='1.0']\n\n[av_one_half first min_height='' vertical_alignment='av-align-top' space='' row_boxshadow='' row_boxshadow_width='10' row_boxshadow_color='' custom_margin='' margin='0px' av-desktop-margin='' av-medium-margin='' av-small-margin='' av-mini-margin='' mobile_breaking='' mobile_column_order='' border='' border_style='solid' border_color='' radius='' min_col_height='' padding='' av-desktop-padding='' av-medium-padding='' av-small-padding='' av-mini-padding='' svg_div_top='' svg_div_top_color='#333333' svg_div_top_width='100' svg_div_top_height='50' svg_div_top_max_height='none' svg_div_top_flip='' svg_div_top_invert='' svg_div_top_front='' svg_div_top_opacity='' svg_div_top_preview='' svg_div_bottom='' svg_div_bottom_color='#333333' svg_div_bottom_width='100' svg_div_bottom_height='50' svg_div_bottom_max_height='none' svg_div_bottom_flip='' svg_div_bottom_invert='' svg_div_bottom_front='' svg_div_bottom_opacity='' svg_div_bottom_preview='' fold_type='' fold_height='' fold_more='Llegir m\u00e9s' fold_less='Read less' fold_text_style='' fold_btn_align='' column_boxshadow='' column_boxshadow_width='10' column_boxshadow_color='' background='bg_color' background_color='' background_gradient_direction='vertical' background_gradient_color1='#000000' background_gradient_color2='#ffffff' background_gradient_color3='' src='' background_position='top left' background_repeat='no-repeat' highlight='' highlight_size='' fold_overlay_color='' fold_text_color='' fold_btn_color='theme-color' fold_btn_bg_color='' fold_btn_font_color='' size-btn-text='' av-desktop-font-size-btn-text='' av-medium-font-size-btn-text='' av-small-font-size-btn-text='' av-mini-font-size-btn-text='' animation='' animation_duration='' animation_custom_bg_color='' animation_z_index_curtain='100' parallax_parallax='' parallax_parallax_speed='' av-desktop-parallax_parallax='' av-desktop-parallax_parallax_speed='' av-medium-parallax_parallax='' av-medium-parallax_parallax_speed='' av-small-parallax_parallax='' av-small-parallax_parallax_speed='' av-mini-parallax_parallax='' av-mini-parallax_parallax_speed='' fold_timer='' z_index_fold='' css_position='' css_position_location='' css_position_z_index='' av-desktop-css_position='' av-desktop-css_position_location='' av-desktop-css_position_z_index='' av-medium-css_position='' av-medium-css_position_location='' av-medium-css_position_z_index='' av-small-css_position='' av-small-css_position_location='' av-small-css_position_z_index='' av-mini-css_position='' av-mini-css_position_location='' av-mini-css_position_z_index='' link='' linktarget='' link_hover='' title_attr='' alt_attr='' mobile_display='' mobile_col_pos='0' id='' custom_class='' template_class='' aria_label='' av_uid='av-4mojib' sc_version='1.0']\n\n[av_heading heading='\u00a1Recupera tu vitalidad y bienestar!' tag='h2' style='blockquote modern-quote' subheading_active='' show_icon='' icon='ue800' font='entypo-fontello' size='' av-desktop-font-size-title='' av-medium-font-size-title='' av-small-font-size-title='' av-mini-font-size-title='' subheading_size='' av-desktop-font-size='' av-medium-font-size='' av-small-font-size='' av-mini-font-size='' icon_size='' av-desktop-font-size-1='' av-medium-font-size-1='' av-small-font-size-1='' av-mini-font-size-1='' color='' custom_font='' subheading_color='' seperator_color='' icon_color='' margin='' margin_sync='true' av-desktop-margin='' av-desktop-margin_sync='true' av-medium-margin='' av-medium-margin_sync='true' av-small-margin='' av-small-margin_sync='true' av-mini-margin='' av-mini-margin_sync='true' headline_padding='' headline_padding_sync='true' av-desktop-headline_padding='' av-desktop-headline_padding_sync='true' av-medium-headline_padding='' av-medium-headline_padding_sync='true' av-small-headline_padding='' av-small-headline_padding_sync='true' av-mini-headline_padding='' av-mini-headline_padding_sync='true' padding='10' av-desktop-padding='' av-medium-padding='' av-small-padding='' av-mini-padding='' icon_padding='10' av-desktop-icon_padding='' av-medium-icon_padding='' av-small-icon_padding='' av-mini-icon_padding='' link='' link_target='' id='' custom_class='' template_class='' av_uid='av-lrowzj2y' sc_version='1.0' admin_preview_bg=''][\/av_heading]\n\n[av_textblock fold_type='' fold_height='' fold_more='Llegir m\u00e9s' fold_less='Read less' fold_text_style='' fold_btn_align='' textblock_styling_align='' textblock_styling='' textblock_styling_gap='' textblock_styling_mobile='' size='' av-desktop-font-size='' av-medium-font-size='' av-small-font-size='' av-mini-font-size='' font_color='' color='' fold_overlay_color='' fold_text_color='' fold_btn_color='theme-color' fold_btn_bg_color='' fold_btn_font_color='' size-btn-text='' av-desktop-font-size-btn-text='' av-medium-font-size-btn-text='' av-small-font-size-btn-text='' av-mini-font-size-btn-text='' fold_timer='' z_index_fold='' id='' custom_class='' template_class='' av_uid='av-lrowyod7' sc_version='1.0' admin_preview_bg='']\nConcerta una visita y descubre c\u00f3mo la fisioterapia puede mejorar tu calidad de vida.\n[\/av_textblock]\n\n[\/av_one_half][av_one_half min_height='' vertical_alignment='av-align-top' space='' row_boxshadow='' row_boxshadow_width='10' row_boxshadow_color='' custom_margin='' margin='0px' av-desktop-margin='' av-medium-margin='' av-small-margin='' av-mini-margin='' mobile_breaking='' mobile_column_order='' border='' border_style='solid' border_color='' radius='' min_col_height='' padding='' av-desktop-padding='' av-medium-padding='' av-small-padding='' av-mini-padding='' svg_div_top='' svg_div_top_color='#333333' svg_div_top_width='100' svg_div_top_height='50' svg_div_top_max_height='none' svg_div_top_flip='' svg_div_top_invert='' svg_div_top_front='' svg_div_top_opacity='' svg_div_top_preview='' svg_div_bottom='' svg_div_bottom_color='#333333' svg_div_bottom_width='100' svg_div_bottom_height='50' svg_div_bottom_max_height='none' svg_div_bottom_flip='' svg_div_bottom_invert='' svg_div_bottom_front='' svg_div_bottom_opacity='' svg_div_bottom_preview='' fold_type='' fold_height='' fold_more='Llegir m\u00e9s' fold_less='Read less' fold_text_style='' fold_btn_align='' column_boxshadow='' column_boxshadow_width='10' column_boxshadow_color='' background='bg_color' background_color='' background_gradient_direction='vertical' background_gradient_color1='#000000' background_gradient_color2='#ffffff' background_gradient_color3='' src='' background_position='top left' background_repeat='no-repeat' highlight='' highlight_size='' fold_overlay_color='' fold_text_color='' fold_btn_color='theme-color' fold_btn_bg_color='' fold_btn_font_color='' size-btn-text='' av-desktop-font-size-btn-text='' av-medium-font-size-btn-text='' av-small-font-size-btn-text='' av-mini-font-size-btn-text='' animation='' animation_duration='' animation_custom_bg_color='' animation_z_index_curtain='100' parallax_parallax='' parallax_parallax_speed='' av-desktop-parallax_parallax='' av-desktop-parallax_parallax_speed='' av-medium-parallax_parallax='' av-medium-parallax_parallax_speed='' av-small-parallax_parallax='' av-small-parallax_parallax_speed='' av-mini-parallax_parallax='' av-mini-parallax_parallax_speed='' fold_timer='' z_index_fold='' css_position='' css_position_location='' css_position_z_index='' av-desktop-css_position='' av-desktop-css_position_location='' av-desktop-css_position_z_index='' av-medium-css_position='' av-medium-css_position_location='' av-medium-css_position_z_index='' av-small-css_position='' av-small-css_position_location='' av-small-css_position_z_index='' av-mini-css_position='' av-mini-css_position_location='' av-mini-css_position_z_index='' link='' linktarget='' link_hover='' title_attr='' alt_attr='' mobile_display='' mobile_col_pos='0' id='' custom_class='' template_class='' aria_label='' av_uid='av-2zl203' sc_version='1.0']\n\n[av_contact title='' button='Enviar' on_send='' sent='\u00a1Tu mensaje se ha enviado!' link='manually,http:\/\/' with_errors='' captcha='recaptcha_v3' captcha_theme='light' captcha_size='normal' captcha_score='0.5' email='info@ergates.net, vertebral@vertebralfisio.com' from_email='' subject='' autoresponder_email='info@ergates.net' autoresponder_reply_to='' autoresponder_subject='' autorespond='' autorespond_after='' hide_labels='aviaTBhide_labels' form_align='' color='' heading_tag='' heading_class='' alb_description='' id='' custom_class='' template_class='' aria_label='' av_uid='av-lrox25ci' sc_version='1.0' admin_preview_bg='']\n[av_contact_field label='Nombre' type='text' check='is_empty' options='' multi_select='' av_contact_preselect='' element_display='' width='' headline_tag='h3' av_uid='av-2ejt2v' sc_version='1.0'][\/av_contact_field]\n[av_contact_field type='text' label='Correo electr\u00f3nico' options='' check='is_email' element_display='' width='element_half' headline_tag='h3' av_uid='av-lrox02tw' sc_version='1.0' multi_select='' av_contact_preselect=''][\/av_contact_field]\n[av_contact_field type='text' label='Tel\u00e9fono' options='' check='is_phone' element_display='' width='element_half' headline_tag='h3' av_uid='av-lrox1gw4' sc_version='1.0' multi_select='' av_contact_preselect=''][\/av_contact_field]\n[av_contact_field type='text' label='Mensaje' options='' check='is_empty' element_display='' width='' headline_tag='h3' av_uid='av-lrox20yi' sc_version='1.0' multi_select='' av_contact_preselect=''][\/av_contact_field]\n[\/av_contact]\n\n[\/av_one_half][\/av_section]\n<!-- \/wp:shortcode -->\n","protected":false},"excerpt":{"rendered":"","protected":false},"author":3,"featured_media":0,"parent":1306,"menu_order":0,"comment_status":"closed","ping_status":"closed","template":"","meta":{"footnotes":""},"class_list":["post-1296","page","type-page","status-publish","hentry"],"yoast_head":"<!-- This site is optimized with the Yoast SEO plugin v27.5 - https:\/\/yoast.com\/product\/yoast-seo-wordpress\/ -->\n<title>Ventosas terap\u00e9uticas en Berga - Circulaci\u00f3n y bienestar<\/title>\n<meta name=\"description\" content=\"Utilizamos ventosas para aliviar tensiones y mejorar la salud muscular. Tratamiento efectivo en el Bergued\u00e0.\" \/>\n<meta name=\"robots\" content=\"index, follow, max-snippet:-1, max-image-preview:large, max-video-preview:-1\" \/>\n<link rel=\"canonical\" href=\"https:\/\/vertebral.cat\/es\/tratamientos\/ventosas\/\" \/>\n<meta property=\"og:locale\" content=\"es_ES\" \/>\n<meta property=\"og:type\" content=\"article\" \/>\n<meta property=\"og:title\" content=\"Ventosas terap\u00e9uticas en Berga - Circulaci\u00f3n y bienestar\" \/>\n<meta property=\"og:description\" content=\"Utilizamos ventosas para aliviar tensiones y mejorar la salud muscular. Tratamiento efectivo en el Bergued\u00e0.\" \/>\n<meta property=\"og:url\" content=\"https:\/\/vertebral.cat\/es\/tratamientos\/ventosas\/\" \/>\n<meta property=\"og:site_name\" content=\"Vertebral Fisioter\u00e0pia\" \/>\n<meta property=\"article:modified_time\" content=\"2024-11-19T12:45:22+00:00\" \/>\n<meta name=\"twitter:card\" content=\"summary_large_image\" \/>\n<meta name=\"twitter:label1\" content=\"Tiempo de lectura\" \/>\n\t<meta name=\"twitter:data1\" content=\"4 minutos\" \/>\n<script type=\"application\/ld+json\" class=\"yoast-schema-graph\">{\"@context\":\"https:\\\/\\\/schema.org\",\"@graph\":[{\"@type\":\"WebPage\",\"@id\":\"https:\\\/\\\/vertebral.cat\\\/es\\\/tratamientos\\\/ventosas\\\/\",\"url\":\"https:\\\/\\\/vertebral.cat\\\/es\\\/tratamientos\\\/ventosas\\\/\",\"name\":\"Ventosas terap\u00e9uticas en Berga - Circulaci\u00f3n y bienestar\",\"isPartOf\":{\"@id\":\"https:\\\/\\\/vertebral.cat\\\/#website\"},\"datePublished\":\"2024-01-25T12:46:40+00:00\",\"dateModified\":\"2024-11-19T12:45:22+00:00\",\"description\":\"Utilizamos ventosas para aliviar tensiones y mejorar la salud muscular. Tratamiento efectivo en el Bergued\u00e0.\",\"breadcrumb\":{\"@id\":\"https:\\\/\\\/vertebral.cat\\\/es\\\/tratamientos\\\/ventosas\\\/#breadcrumb\"},\"inLanguage\":\"es\",\"potentialAction\":[{\"@type\":\"ReadAction\",\"target\":[\"https:\\\/\\\/vertebral.cat\\\/es\\\/tratamientos\\\/ventosas\\\/\"]}]},{\"@type\":\"BreadcrumbList\",\"@id\":\"https:\\\/\\\/vertebral.cat\\\/es\\\/tratamientos\\\/ventosas\\\/#breadcrumb\",\"itemListElement\":[{\"@type\":\"ListItem\",\"position\":1,\"name\":\"Inici\",\"item\":\"https:\\\/\\\/vertebral.cat\\\/es\\\/inicio\\\/\"},{\"@type\":\"ListItem\",\"position\":2,\"name\":\"Tratamientos\",\"item\":\"https:\\\/\\\/vertebral.cat\\\/es\\\/tratamientos\\\/\"},{\"@type\":\"ListItem\",\"position\":3,\"name\":\"Ventosas\"}]},{\"@type\":\"WebSite\",\"@id\":\"https:\\\/\\\/vertebral.cat\\\/#website\",\"url\":\"https:\\\/\\\/vertebral.cat\\\/\",\"name\":\"Vertebral Fisioter\u00e0pia\",\"description\":\"Fisioter\u00e0pia i centre de salut a Berga\",\"potentialAction\":[{\"@type\":\"SearchAction\",\"target\":{\"@type\":\"EntryPoint\",\"urlTemplate\":\"https:\\\/\\\/vertebral.cat\\\/?s={search_term_string}\"},\"query-input\":{\"@type\":\"PropertyValueSpecification\",\"valueRequired\":true,\"valueName\":\"search_term_string\"}}],\"inLanguage\":\"es\"}]}<\/script>\n<!-- \/ Yoast SEO plugin. -->","yoast_head_json":{"title":"Ventosas terap\u00e9uticas en Berga - Circulaci\u00f3n y bienestar","description":"Utilizamos ventosas para aliviar tensiones y mejorar la salud muscular. Tratamiento efectivo en el Bergued\u00e0.","robots":{"index":"index","follow":"follow","max-snippet":"max-snippet:-1","max-image-preview":"max-image-preview:large","max-video-preview":"max-video-preview:-1"},"canonical":"https:\/\/vertebral.cat\/es\/tratamientos\/ventosas\/","og_locale":"es_ES","og_type":"article","og_title":"Ventosas terap\u00e9uticas en Berga - Circulaci\u00f3n y bienestar","og_description":"Utilizamos ventosas para aliviar tensiones y mejorar la salud muscular. Tratamiento efectivo en el Bergued\u00e0.","og_url":"https:\/\/vertebral.cat\/es\/tratamientos\/ventosas\/","og_site_name":"Vertebral Fisioter\u00e0pia","article_modified_time":"2024-11-19T12:45:22+00:00","twitter_card":"summary_large_image","twitter_misc":{"Tiempo de lectura":"4 minutos"},"schema":{"@context":"https:\/\/schema.org","@graph":[{"@type":"WebPage","@id":"https:\/\/vertebral.cat\/es\/tratamientos\/ventosas\/","url":"https:\/\/vertebral.cat\/es\/tratamientos\/ventosas\/","name":"Ventosas terap\u00e9uticas en Berga - Circulaci\u00f3n y bienestar","isPartOf":{"@id":"https:\/\/vertebral.cat\/#website"},"datePublished":"2024-01-25T12:46:40+00:00","dateModified":"2024-11-19T12:45:22+00:00","description":"Utilizamos ventosas para aliviar tensiones y mejorar la salud muscular. Tratamiento efectivo en el Bergued\u00e0.","breadcrumb":{"@id":"https:\/\/vertebral.cat\/es\/tratamientos\/ventosas\/#breadcrumb"},"inLanguage":"es","potentialAction":[{"@type":"ReadAction","target":["https:\/\/vertebral.cat\/es\/tratamientos\/ventosas\/"]}]},{"@type":"BreadcrumbList","@id":"https:\/\/vertebral.cat\/es\/tratamientos\/ventosas\/#breadcrumb","itemListElement":[{"@type":"ListItem","position":1,"name":"Inici","item":"https:\/\/vertebral.cat\/es\/inicio\/"},{"@type":"ListItem","position":2,"name":"Tratamientos","item":"https:\/\/vertebral.cat\/es\/tratamientos\/"},{"@type":"ListItem","position":3,"name":"Ventosas"}]},{"@type":"WebSite","@id":"https:\/\/vertebral.cat\/#website","url":"https:\/\/vertebral.cat\/","name":"Vertebral Fisioter\u00e0pia","description":"Fisioter\u00e0pia i centre de salut a Berga","potentialAction":[{"@type":"SearchAction","target":{"@type":"EntryPoint","urlTemplate":"https:\/\/vertebral.cat\/?s={search_term_string}"},"query-input":{"@type":"PropertyValueSpecification","valueRequired":true,"valueName":"search_term_string"}}],"inLanguage":"es"}]}},"_links":{"self":[{"href":"https:\/\/vertebral.cat\/es\/wp-json\/wp\/v2\/pages\/1296","targetHints":{"allow":["GET"]}}],"collection":[{"href":"https:\/\/vertebral.cat\/es\/wp-json\/wp\/v2\/pages"}],"about":[{"href":"https:\/\/vertebral.cat\/es\/wp-json\/wp\/v2\/types\/page"}],"author":[{"embeddable":true,"href":"https:\/\/vertebral.cat\/es\/wp-json\/wp\/v2\/users\/3"}],"replies":[{"embeddable":true,"href":"https:\/\/vertebral.cat\/es\/wp-json\/wp\/v2\/comments?post=1296"}],"version-history":[{"count":5,"href":"https:\/\/vertebral.cat\/es\/wp-json\/wp\/v2\/pages\/1296\/revisions"}],"predecessor-version":[{"id":1808,"href":"https:\/\/vertebral.cat\/es\/wp-json\/wp\/v2\/pages\/1296\/revisions\/1808"}],"up":[{"embeddable":true,"href":"https:\/\/vertebral.cat\/es\/wp-json\/wp\/v2\/pages\/1306"}],"wp:attachment":[{"href":"https:\/\/vertebral.cat\/es\/wp-json\/wp\/v2\/media?parent=1296"}],"curies":[{"name":"wp","href":"https:\/\/api.w.org\/{rel}","templated":true}]}}